{"id":1041,"date":"2015-06-29T14:51:38","date_gmt":"2015-06-29T12:51:38","guid":{"rendered":"http:\/\/pfadfinder-hainsacker.de\/?page_id=1041"},"modified":"2019-12-09T21:56:53","modified_gmt":"2019-12-09T20:56:53","slug":"stammeschronik","status":"publish","type":"page","link":"http:\/\/pfadfinder-hainsacker.de\/index.php\/ueber-uns\/stammeschronik\/","title":{"rendered":"Stammeschronik"},"content":{"rendered":"<h4 style=\"text-align: left;\">Gr\u00fcndungsgeschichte<\/h4>\n<p style=\"text-align: left;\">Auf einmal war sie da: Die Idee, dass auch Hainsacker einen Pfadfinderstamm gut gebrauchen k\u00f6nnte! Aber nat\u00fcrlich wachsen diese Pfadfinder nicht einfach so aus dem Boden. Zwischen unseren Gr\u00fcnderv\u00e4tern und \u2013m\u00fcttern wurden viele Gespr\u00e4che gef\u00fchrt, mit dem wichtigen Ziel f\u00fcr den Anfang: Unterst\u00fctzer in der Pfarrei zu finden. Die wichtigsten Daten, auf dem Weg zur Gr\u00fcndung:<\/p>\n<h5 style=\"text-align: left;\">28.10.1994<\/h5>\n<p style=\"text-align: left;\">Allererste Kontaktgespr\u00e4che mit dem damaligen Pfarrer Schmidt, der die Pfadfinderidee mit unterst\u00fctzen wollte.<\/p>\n<h5 style=\"text-align: left;\">18.11.1994<\/h5>\n<p style=\"text-align: left;\">Weitere \u00dcberzeugungsgespr\u00e4che zwischen den Familien B\u00fcchl, Hanshans, Meisinger und Vertretern der Pfarrei- Pfarrer Schmidt und der Sachausschuss Jugend.<\/p>\n<h5 style=\"text-align: left;\">07.01.1995<\/h5>\n<p style=\"text-align: left;\"><a href=\"http:\/\/pfadfinder-hainsacker.de\/wp-content\/uploads\/2015\/06\/Festschrift1.bmp\"><img loading=\"lazy\" decoding=\"async\" class=\" size-full wp-image-1046 alignright\" src=\"http:\/\/pfadfinder-hainsacker.de\/wp-content\/uploads\/2015\/06\/Festschrift1.bmp\" alt=\"Festschrift1\" width=\"245\" height=\"200\" \/><\/a>Immer noch nicht genug gesprochen und geplant: Die Idee der Pfadfinder muss noch der Pfarrversammlung vorgestellt werden. Vorstellung erfolgte am 25.01.1995.<\/p>\n<h5 style=\"text-align: left;\">Ab M\u00e4rz 1995<\/h5>\n<p style=\"text-align: left;\">Die Leiteranwerbung wurde diskutiert und geplant. Schlie\u00dflich n\u00fctzt die Unterst\u00fctzung aus der Pfarrei recht wenig, wenn keine Helfer gefunden haben, die der Stammesidee das Leben einhauchen.<\/p>\n<h5 style=\"text-align: left;\">Mai 1995<\/h5>\n<p style=\"text-align: left;\">Kinder, Jugendliche und Erwachsene sollten auf die Idee der Pfadfinder aufmerksam gemacht werden und wie bei so mancher aufwendig geplanten und organisierten Aktion, spielte das Wetter nat\u00fcrlich nicht mit. Dennoch kamen 70 Kinder, Jugendliche und Erwachsene in den Pfarrgarten nach Hainsacker und lie\u00dfen sich von der Pfadfinderidee anstecken. Aus dieser Aktion entstanden die ersten W\u00f6lflings-, Jupfi- und Pfadigruppen. Zus\u00e4tzlich konnte man auch Erwachsene mit dem Pfadfindergeist verzaubern und eine kleine Leiter und Helferschar nach diesem Tag um unsere Gr\u00fcnderfamilien scharen.<\/p>\n<h5 style=\"text-align: left;\">14. und 17. September 1995<a href=\"http:\/\/pfadfinder-hainsacker.de\/wp-content\/uploads\/2015\/06\/Festschrift.bmp\"><img loading=\"lazy\" decoding=\"async\" class=\" wp-image-1047 alignright\" src=\"http:\/\/pfadfinder-hainsacker.de\/wp-content\/uploads\/2015\/06\/Festschrift.bmp\" alt=\"Festschrift\" width=\"363\" height=\"252\" \/><\/a><\/h5>\n<p style=\"text-align: left;\">Nach der ersten erfolgreichen Aktion, vielen Kindern und Unterst\u00fctzung, sowohl von Eltern als auch von der Pfarrei, wurde es Zeit: Am 17. September 1995 wurde zur Gr\u00fcndungsfeier eingeladen.<\/p>\n<p style=\"text-align: left;\">Am 14. September 1995 wurde der Stamm offiziell von der Leiterrunde ins Leben gerufen!<\/p>\n<p style=\"text-align: left;\">Anwesende der Gr\u00fcndungsversammlung: Vorsitzende des Dombezirk Steffi Viehbacher, Elisabeth Hanshans, Gaby Speckner, Birgit Heinz, Birgit Meisinger, Horst Meisinger, Markus Seidl, Andrea Eichinger, Franziska Auburger, Gerhard B\u00fcchl, Conny B\u00fcchl, Erhard Unger, Marita Voss, J\u00f6rg Voss, Lothar Zach, Traudl Zach, Katl Schaffer, Vorsitzende Pfarrgemeinderat Frau Pilz. In der Gr\u00fcndungsversammlung wurde Cony B\u00fcchl und Erhard Unger als die ersten Vorsitzenden des neuen Pfadfinderstammes in Hainsacker gew\u00e4hlt. Ebenfalls wurde der Name \u201eStamm Geschwister Scholl\u201c abgestimmt und angenommen.<\/p>\n<hr \/>\n<h4 style=\"text-align: left;\">Stammeslager<\/h4>\n<p style=\"text-align: left;\">Die Gr\u00fcndungsgeschichte ist nat\u00fcrlich nicht alles, insbesondere f\u00fcr alle jetzigen W\u00f6lflinge und Jupfis ist es interessant zu wissen, wo wir eigentlich wann auf welchen Stammeslagern vertreten waren. Und was f\u00fcr Lager gibt es noch? Wo kann man hinkommen, wenn man Pfadfinder ist, welche Menschen kann man treffen und nat\u00fcrlich wollen wir damit die Neugierde und Vorfreude auf das diesj\u00e4hrige Lager am Lago Maggiore sch\u00fcren!<\/p>\n<p style=\"text-align: left;\">Warum auf ein Stammeslager mitfahren? Das Lager sollte das Jahreshighlight eines jeden Gruppenkindes sein. Einige Tage drau\u00dfen, weg von Alltag, Stress und dem Gewohnheitstrott gemeinsam mit seinen Freunden spielen, die Natur entdecken, Lager bauen, Tannenzapfenschlachten ausfechten, schwimmen gehen, basteln, Feuer machen, Bogen schie\u00dfen, wandern, H\u00f6hlen erforschen und was wir nicht alles schon gemacht haben und noch machen werden. Auf einem Lager kommt jeder auf seine Kosten. Es gibt so viel zu tun und zu erleben, dass Heimweh auch keine Rolle spielen wird, da es immer was zu tun gibt. Die w\u00f6chentlichen Gruppenstunden geben sowohl den Leitern, als auch den Kindern das Gruppengef\u00fchl, das den Pfadfindergeist auszeichnet. Das Stammeslager, oder auch jedes andere Lager, bringt Freundschaften hervor und schwei\u00dft die Kinder zusammen. Gemeinsame Erinnerungen, die auch \u00fcber die Zeit bleiben werden und noch Jahre sp\u00e4ter f\u00fcr einen Lacher sorgen k\u00f6nnen. Welche Erinnerungen wir schon gesammelt haben und wo wir schon \u00fcberall waren, wird im Folgenden chronologisch aufgef\u00fchrt.<\/p>\n<p>&nbsp;<\/p>\n<table width=\"100%\" cellspacing=\"0\" cellpadding=\"0\">\n<colgroup>\n<col span=\"2\" width=\"50%\" \/> <\/colgroup>\n<tbody>\n<tr>\n<td style=\"text-align: center;\" align=\"right\" width=\"80\" height=\"20\">1996<\/td>\n<td width=\"50%\">Klostergarten Viehausen<\/td>\n<\/tr>\n<tr>\n<td style=\"text-align: center;\" align=\"right\" height=\"20\">1997<\/td>\n<td>Ellbachtal<\/td>\n<\/tr>\n<tr>\n<td style=\"text-align: center;\" align=\"right\" height=\"20\">1998<\/td>\n<td>Kallm\u00fcnz<\/td>\n<\/tr>\n<tr>\n<td style=\"text-align: center;\" align=\"right\" height=\"20\">1999<\/td>\n<td>\u00a0Oberranning<\/td>\n<\/tr>\n<tr>\n<td style=\"text-align: center;\" align=\"right\" height=\"20\">2000<\/td>\n<td>Pizek, Tschechische Republik<\/td>\n<\/tr>\n<tr>\n<td style=\"text-align: center;\" align=\"right\" height=\"20\">2001<\/td>\n<td>Bad Abbach<\/td>\n<\/tr>\n<tr>\n<td style=\"text-align: center;\" align=\"right\" height=\"20\">2002<\/td>\n<td>Wiesent<\/td>\n<\/tr>\n<tr>\n<td style=\"text-align: center;\" align=\"right\" height=\"20\">2003<\/td>\n<td>Kallm\u00fcnz<\/td>\n<\/tr>\n<tr>\n<td style=\"text-align: center;\" align=\"right\" height=\"20\">2004<\/td>\n<td>\u00a0Peugenhammer<\/td>\n<\/tr>\n<tr>\n<td style=\"text-align: center;\" align=\"right\" height=\"20\">2005<\/td>\n<td>\u00a0Heinersreuth<\/td>\n<\/tr>\n<tr>\n<td style=\"text-align: center;\" align=\"right\" height=\"20\">2006<\/td>\n<td>\u00a0Grimmertal<\/td>\n<\/tr>\n<tr>\n<td style=\"text-align: center;\" align=\"right\" height=\"20\">2007<\/td>\n<td>\u00a0Tiefenbach bei Waldm\u00fcnchen<\/td>\n<\/tr>\n<tr>\n<td style=\"text-align: center;\" align=\"right\" height=\"20\">2008<\/td>\n<td>\u00a0Otterbachtal bei Altenthann &#8211; &#8222;Nat\u00fcrlich Pfadfinden&#8220;<\/td>\n<\/tr>\n<tr>\n<td style=\"text-align: center;\" align=\"right\" height=\"20\">2009<\/td>\n<td>Jugenzeltplatz Kallm\u00fcnz<\/td>\n<\/tr>\n<tr>\n<td style=\"text-align: center;\" align=\"right\" height=\"20\">2010<\/td>\n<td>Kolding, D\u00e4nemark<\/td>\n<\/tr>\n<tr>\n<td style=\"text-align: center;\" align=\"right\" height=\"20\">2011<\/td>\n<td>Wiesenfelden<\/td>\n<\/tr>\n<tr>\n<td style=\"text-align: center;\" align=\"right\" height=\"20\">2012<\/td>\n<td>Pottenstein &#8211; &#8222;Robin Hood&#8220;<\/td>\n<\/tr>\n<tr>\n<td style=\"text-align: center;\" align=\"right\" height=\"20\">2013<\/td>\n<td>Eixendorfer See &#8211; &#8222;Pfadfinden gestern und Heute&#8220;<\/td>\n<\/tr>\n<tr>\n<td style=\"text-align: center;\" align=\"right\" height=\"20\">2014<\/td>\n<td>Obergankhofen bei Landshut &#8211; &#8222;Goldrausch in Niederbayern&#8220;<\/td>\n<\/tr>\n<tr>\n<td style=\"text-align: center;\" align=\"right\" height=\"20\">2015<\/td>\n<td>Ponte Falmenta nahe Lago Maggiore\u00a0 &#8211; &#8222;Abenteuer (\u00fcb)erleben&#8220;<\/td>\n<\/tr>\n<tr>\n<td style=\"text-align: center;\" align=\"right\" height=\"20\">2016<\/td>\n<td>Alth\u00fctte &#8211; &#8222;M\u00e4rchenwald&#8220;<\/td>\n<\/tr>\n<tr>\n<td style=\"text-align: center;\" align=\"right\" height=\"20\">2017<\/td>\n<td>Nationalpark Bayerischer Wald &#8211; &#8222;Mitten im Wald&#8220;<\/td>\n<\/tr>\n<tr>\n<td style=\"text-align: center;\" align=\"right\" height=\"20\">2018<\/td>\n<td>Johannisthal Windischeschenbach &#8211; &#8222;Bavaria Filmlager&#8220;<\/td>\n<\/tr>\n<tr>\n<td style=\"text-align: center;\" align=\"right\" height=\"20\">2019<\/td>\n<td>Binderh\u00fctte Wiesenfelden &#8211; vollKOSTbar<\/td>\n<\/tr>\n<tr>\n<td style=\"text-align: center;\" align=\"right\" height=\"20\">2020<\/td>\n<td>Jubil\u00e4umslager 25 Jahre<\/td>\n<\/tr>\n<\/tbody>\n<\/table>\n<h5>Weitere Lager, an denen der Stamm Geschwister Scholl vertreten war:<\/h5>\n<p style=\"text-align: center;\"><a href=\"http:\/\/pfadfinder-hainsacker.de\/wp-content\/uploads\/2015\/06\/ritter-dings-5.jpg\"><img loading=\"lazy\" decoding=\"async\" class=\"alignnone size-medium wp-image-1056\" src=\"http:\/\/pfadfinder-hainsacker.de\/wp-content\/uploads\/2015\/06\/ritter-dings-5-300x225.jpg\" alt=\"ritter dings (5)\" width=\"267\" height=\"201\" srcset=\"http:\/\/pfadfinder-hainsacker.de\/wp-content\/uploads\/2015\/06\/ritter-dings-5-300x225.jpg 300w, http:\/\/pfadfinder-hainsacker.de\/wp-content\/uploads\/2015\/06\/ritter-dings-5.jpg 493w\" sizes=\"auto, (max-width: 267px) 100vw, 267px\" \/><\/a> <a href=\"http:\/\/pfadfinder-hainsacker.de\/wp-content\/uploads\/2015\/06\/passwortblau.jpg\"><img loading=\"lazy\" decoding=\"async\" class=\"alignnone size-medium wp-image-1055\" src=\"http:\/\/pfadfinder-hainsacker.de\/wp-content\/uploads\/2015\/06\/passwortblau-300x201.jpg\" alt=\"passwortblau\" width=\"300\" height=\"201\" srcset=\"http:\/\/pfadfinder-hainsacker.de\/wp-content\/uploads\/2015\/06\/passwortblau-300x201.jpg 300w, http:\/\/pfadfinder-hainsacker.de\/wp-content\/uploads\/2015\/06\/passwortblau.jpg 600w\" sizes=\"auto, (max-width: 300px) 100vw, 300px\" \/><\/a><\/p>\n<table border=\"0\" width=\"100%\" cellspacing=\"0\" cellpadding=\"0\">\n<colgroup>\n<col span=\"2\" width=\"80\" \/> <\/colgroup>\n<tbody>\n<tr>\n<td style=\"text-align: center;\" align=\"right\" width=\"50%\" height=\"20\">1999<\/td>\n<td width=\"50%\">Bavarian Open<\/td>\n<\/tr>\n<tr>\n<td style=\"text-align: center;\" align=\"right\" height=\"20\">2001<\/td>\n<td>&#8222;Profil&#8220;-\u00a0 Di\u00f6zesanlager in Bad Abbach<\/td>\n<\/tr>\n<tr>\n<td style=\"text-align: center;\" align=\"right\" height=\"20\">2003<\/td>\n<td>&#8222;Pfadis ante Portas&#8220; &#8211; Pfadfinderwallfahrt nach Rom<\/td>\n<\/tr>\n<tr>\n<td style=\"text-align: center;\" align=\"right\" height=\"20\">2003<\/td>\n<td>World Scout Jamboree Thailand<\/td>\n<\/tr>\n<tr>\n<td style=\"text-align: center;\" align=\"right\" height=\"20\">2005<\/td>\n<td>&#8222;Stadt Satt&#8220; &#8211; W\u00f6lflings Di\u00f6zesanlager Lager in Bad Abbach<\/td>\n<\/tr>\n<tr>\n<td style=\"text-align: center;\" align=\"right\" height=\"20\">2006<\/td>\n<td>&#8222;Passwort BLAU&#8220; &#8211; Bundesjupfilager in Westernohe<\/td>\n<\/tr>\n<tr>\n<td style=\"text-align: center;\" align=\"right\" height=\"20\">2007<\/td>\n<td>&#8222;Ritter der Jupfirunde&#8220; &#8211;\u00a0 Di\u00f6zesanjupfilager auf der Burgruine Runding bei Cham<\/td>\n<\/tr>\n<tr>\n<td style=\"text-align: center;\" align=\"right\" height=\"20\">2007<\/td>\n<td>World Scout Jamboree England<\/td>\n<\/tr>\n<tr>\n<td style=\"text-align: center;\" align=\"right\" height=\"20\">2008<\/td>\n<td>&#8222;Tr\u00e4umen in den B\u00e4umen&#8220; &#8211; Di\u00f6zesanjupfilager in Wimbach<\/td>\n<\/tr>\n<tr>\n<td style=\"text-align: center;\" align=\"right\" height=\"20\">2009<\/td>\n<td>\u00a0&#8222;Ayus Pur &#8211; Stadt des Lebens&#8220; &#8211; Di\u00f6zesanlager in Bad Abbach<\/td>\n<\/tr>\n<tr>\n<td style=\"text-align: center;\" align=\"right\" height=\"20\">2011<\/td>\n<td>&#8222;Donauwelle&#8220; &#8211;\u00a0Jura-und Dombezirkslager in Weltenburg<\/td>\n<\/tr>\n<tr>\n<td style=\"text-align: center;\" align=\"right\" height=\"20\">2011<\/td>\n<td>Word Scout Jamboree Schweden<\/td>\n<\/tr>\n<tr>\n<td style=\"text-align: center;\" align=\"right\" height=\"20\">2015<\/td>\n<td>&#8222;Reif f\u00fcr die Insel&#8220; &#8211; Di\u00f6zesanjupfilager am Staffelsee<\/td>\n<\/tr>\n<tr>\n<td style=\"text-align: center;\" align=\"right\" height=\"20\">2015<\/td>\n<td>World Scout Jamboree Japan<\/td>\n<\/tr>\n<tr>\n<td style=\"text-align: center;\" align=\"right\" height=\"20\">2016<\/td>\n<td>&#8222;Kolumbus&#8220; &#8211; Di\u00f6zesanlager in Thalm\u00e4ssing<\/td>\n<\/tr>\n<\/tbody>\n<tbody>\n<tr>\n<td style=\"text-align: center;\" align=\"right\" height=\"20\">2019<\/td>\n<td>World Scout Jamboree USA\/Kanada\/Mexiko in West Virginia<\/td>\n<\/tr>\n<\/tbody>\n<\/table>\n<p>Au\u00dferdem gab es diverse Winterlager und Wintercamps W\u00f6lflings-, Jupfi-, Pfadi-, Roverlager auf Bezirks- und Bundesebene J\u00e4hrliche Radtouren von Pilsen (Tschechische Republic) nach Regensburg<\/p>\n<p>&nbsp;<\/p>\n","protected":false},"excerpt":{"rendered":"<p>Gr\u00fcndungsgeschichte Auf einmal war sie da: Die Idee, dass auch Hainsacker einen Pfadfinderstamm gut gebrauchen k\u00f6nnte! Aber nat\u00fcrlich wachsen diese Pfadfinder nicht einfach so aus dem Boden. Zwischen unseren Gr\u00fcnderv\u00e4tern und \u2013m\u00fcttern wurden viele Gespr\u00e4che gef\u00fchrt, mit dem wichtigen Ziel f\u00fcr den Anfang: Unterst\u00fctzer in der Pfarrei zu finden. Die wichtigsten Daten, auf dem Weg [&hellip;]<\/p>\n","protected":false},"author":1,"featured_media":0,"parent":140,"menu_order":0,"comment_status":"closed","ping_status":"open","template":"","meta":{"footnotes":""},"class_list":["post-1041","page","type-page","status-publish","hentry"],"_links":{"self":[{"href":"http:\/\/pfadfinder-hainsacker.de\/index.php\/wp-json\/wp\/v2\/pages\/1041","targetHints":{"allow":["GET"]}}],"collection":[{"href":"http:\/\/pfadfinder-hainsacker.de\/index.php\/wp-json\/wp\/v2\/pages"}],"about":[{"href":"http:\/\/pfadfinder-hainsacker.de\/index.php\/wp-json\/wp\/v2\/types\/page"}],"author":[{"embeddable":true,"href":"http:\/\/pfadfinder-hainsacker.de\/index.php\/wp-json\/wp\/v2\/users\/1"}],"replies":[{"embeddable":true,"href":"http:\/\/pfadfinder-hainsacker.de\/index.php\/wp-json\/wp\/v2\/comments?post=1041"}],"version-history":[{"count":17,"href":"http:\/\/pfadfinder-hainsacker.de\/index.php\/wp-json\/wp\/v2\/pages\/1041\/revisions"}],"predecessor-version":[{"id":3372,"href":"http:\/\/pfadfinder-hainsacker.de\/index.php\/wp-json\/wp\/v2\/pages\/1041\/revisions\/3372"}],"up":[{"embeddable":true,"href":"http:\/\/pfadfinder-hainsacker.de\/index.php\/wp-json\/wp\/v2\/pages\/140"}],"wp:attachment":[{"href":"http:\/\/pfadfinder-hainsacker.de\/index.php\/wp-json\/wp\/v2\/media?parent=1041"}],"curies":[{"name":"wp","href":"https:\/\/api.w.org\/{rel}","templated":true}]}}