{"id":125,"date":"2015-03-18T09:33:42","date_gmt":"2015-03-18T07:33:42","guid":{"rendered":"http:\/\/pfadfinder-hainsacker.de\/?page_id=125"},"modified":"2025-10-14T03:37:20","modified_gmt":"2025-10-14T01:37:20","slug":"woelflinge","status":"publish","type":"page","link":"http:\/\/pfadfinder-hainsacker.de\/index.php\/gruppen\/woelflinge\/","title":{"rendered":"W\u00f6lflinge"},"content":{"rendered":"\n<style>\n:root {\n    --primary-color: var(--woelflinge);\n    --primary-border: var(--woelflinge);\n}\n<\/style>\n\n\n<h4>Wer wir sind:<\/h4>\n<p>Ab der dritten Klasse k\u00f6nnen M\u00e4dchen und Jungen Mitglied der W\u00f6lflingsstufe und damit der Pfadfinder werden.<\/p>\n<p>In dieser Stufe stehen die W\u00f6lflinge am Anfang einer langen Entdeckungsreise, in der sie vieles Ausprobieren und Entdecken k\u00f6nnen.<\/p>\n<hr \/>\n<h4>Wann &amp; Wo:<\/h4>\n<h5>siehe Seitenleiste<\/h5>\n<p><span style=\"text-decoration: underline;\">Bei sch\u00f6nem Wetter:<\/span> an unserem <a title=\"Lagerbautenplatz\" href=\"http:\/\/pfadfinder-hainsacker.de\/index.php\/ueber-uns\/lagerbautenplatz\/\">Lagerbautenplatz<\/a><\/p>\n<p><span style=\"text-decoration: underline;\">ansonsten:<\/span> Im Gemeindehaus Hainsacker<\/p>\n<hr \/>\n<h4>Unsere Leiter:<\/h4>\n<p>&nbsp;<\/p>\n<table>\n<tbody>\n<tr>\n<td style=\"text-align: center;\"><a href=\"http:\/\/pfadfinder-hainsacker.de\/wp-content\/uploads\/2019\/03\/elias_woes_portrait.png\"><img loading=\"lazy\" decoding=\"async\" class=\"alignnone wp-image-3146 size-medium\" src=\"http:\/\/pfadfinder-hainsacker.de\/wp-content\/uploads\/2019\/03\/elias_woes_portrait-300x300.png\" alt=\"\" width=\"300\" height=\"300\" srcset=\"http:\/\/pfadfinder-hainsacker.de\/wp-content\/uploads\/2019\/03\/elias_woes_portrait-300x300.png 300w, http:\/\/pfadfinder-hainsacker.de\/wp-content\/uploads\/2019\/03\/elias_woes_portrait-150x150.png 150w, http:\/\/pfadfinder-hainsacker.de\/wp-content\/uploads\/2019\/03\/elias_woes_portrait-270x270.png 270w, http:\/\/pfadfinder-hainsacker.de\/wp-content\/uploads\/2019\/03\/elias_woes_portrait-230x230.png 230w, http:\/\/pfadfinder-hainsacker.de\/wp-content\/uploads\/2019\/03\/elias_woes_portrait.png 500w\" sizes=\"auto, (max-width: 300px) 100vw, 300px\" \/><\/a><\/td>\n<td style=\"text-align: center;\"><\/td>\n<td style=\"text-align: center;\"><\/td>\n<\/tr>\n<tr>\n<td style=\"text-align: center;\">Elias<\/td>\n<td style=\"text-align: center;\">Lena<\/td>\n<\/tr>\n<\/tbody>\n<\/table>\n<hr \/>\n<h4>\u00a0Kontakt<\/h4>\n<p><a href=\"mailto:woelflinge@pfadfinder-hainsacker.de\">woelflinge@pfadfinder-hainsacker.de<\/a><\/p>\n<hr \/>\n<h4>Weitere Infos<\/h4>\n<p>findet ihr auf der Seite der DPSG <a href=\"https:\/\/dpsg.de\/de\/stufen\/woelflingsstufe.html\">&gt;&gt;hier&lt;&lt;<\/a><\/p>","protected":false},"excerpt":{"rendered":"<p>Wer wir sind: Ab der dritten Klasse k\u00f6nnen M\u00e4dchen und Jungen Mitglied der W\u00f6lflingsstufe und damit der Pfadfinder werden. In dieser Stufe stehen die W\u00f6lflinge am Anfang einer langen Entdeckungsreise, in der sie vieles Ausprobieren und Entdecken k\u00f6nnen. Wann &amp; Wo: siehe Seitenleiste Bei sch\u00f6nem Wetter: an unserem Lagerbautenplatz ansonsten: Im Gemeindehaus Hainsacker Unsere Leiter: [&hellip;]<\/p>\n","protected":false},"author":1,"featured_media":0,"parent":123,"menu_order":0,"comment_status":"closed","ping_status":"open","template":"page-templates\/contact.php","meta":{"footnotes":""},"class_list":["post-125","page","type-page","status-publish","hentry"],"_links":{"self":[{"href":"http:\/\/pfadfinder-hainsacker.de\/index.php\/wp-json\/wp\/v2\/pages\/125","targetHints":{"allow":["GET"]}}],"collection":[{"href":"http:\/\/pfadfinder-hainsacker.de\/index.php\/wp-json\/wp\/v2\/pages"}],"about":[{"href":"http:\/\/pfadfinder-hainsacker.de\/index.php\/wp-json\/wp\/v2\/types\/page"}],"author":[{"embeddable":true,"href":"http:\/\/pfadfinder-hainsacker.de\/index.php\/wp-json\/wp\/v2\/users\/1"}],"replies":[{"embeddable":true,"href":"http:\/\/pfadfinder-hainsacker.de\/index.php\/wp-json\/wp\/v2\/comments?post=125"}],"version-history":[{"count":36,"href":"http:\/\/pfadfinder-hainsacker.de\/index.php\/wp-json\/wp\/v2\/pages\/125\/revisions"}],"predecessor-version":[{"id":4372,"href":"http:\/\/pfadfinder-hainsacker.de\/index.php\/wp-json\/wp\/v2\/pages\/125\/revisions\/4372"}],"up":[{"embeddable":true,"href":"http:\/\/pfadfinder-hainsacker.de\/index.php\/wp-json\/wp\/v2\/pages\/123"}],"wp:attachment":[{"href":"http:\/\/pfadfinder-hainsacker.de\/index.php\/wp-json\/wp\/v2\/media?parent=125"}],"curies":[{"name":"wp","href":"https:\/\/api.w.org\/{rel}","templated":true}]}}