{"id":127,"date":"2015-03-18T09:34:02","date_gmt":"2015-03-18T07:34:02","guid":{"rendered":"http:\/\/pfadfinder-hainsacker.de\/?page_id=127"},"modified":"2025-10-14T03:38:02","modified_gmt":"2025-10-14T01:38:02","slug":"jupfis","status":"publish","type":"page","link":"http:\/\/pfadfinder-hainsacker.de\/index.php\/gruppen\/jupfis\/","title":{"rendered":"Jupfis"},"content":{"rendered":"\n<style>\n:root {\n    --primary-color: var(--jupfis);\n    --primary-border: var(--jupfis);\n}\n<\/style>\n\n\n<h4>Wer wir sind:<\/h4>\n<p>Ab der f\u00fcnften Klasse kann man Jungpfadfinder und Jungpfadfinderin werden.<\/p>\n<p>Wir sind neugierig auf das Unm\u00f6gliche und mutig genug, es auszuprobieren. Wir stecken uns gegenseitig mit unserer Begeisterung an und wachsen \u00fcber uns hinaus. Wir staunen dar\u00fcber, was wir alles machen k\u00f6nnen, und sind stolz auf darauf, was wir selbstst\u00e4ndig erreicht haben.<\/p>\n<hr \/>\n<h4>Wann &amp; Wo:<\/h4>\n<h5>Mittwochs, 18:00 &#8211; 19:30<\/h5>\n<p>Im Gemeindehaus Hainsacker, bei gutem Wetter am Lagerbautenplatz (LBP)<\/p>\n<hr \/>\n<h4>Unsere Leiter:<\/h4>\n<table style=\"height: 242px;\" width=\"577\">\n<tbody>\n<tr>\n<td style=\"text-align: center;\"><a href=\"http:\/\/pfadfinder-hainsacker.de\/wp-content\/uploads\/2019\/03\/michi_jupfis_portrait.png\"><img loading=\"lazy\" decoding=\"async\" class=\"alignnone wp-image-3148 size-medium\" src=\"http:\/\/pfadfinder-hainsacker.de\/wp-content\/uploads\/2019\/03\/michi_jupfis_portrait-300x300.png\" alt=\"\" width=\"300\" height=\"300\" srcset=\"http:\/\/pfadfinder-hainsacker.de\/wp-content\/uploads\/2019\/03\/michi_jupfis_portrait-300x300.png 300w, http:\/\/pfadfinder-hainsacker.de\/wp-content\/uploads\/2019\/03\/michi_jupfis_portrait-150x150.png 150w, http:\/\/pfadfinder-hainsacker.de\/wp-content\/uploads\/2019\/03\/michi_jupfis_portrait-270x270.png 270w, http:\/\/pfadfinder-hainsacker.de\/wp-content\/uploads\/2019\/03\/michi_jupfis_portrait-230x230.png 230w, http:\/\/pfadfinder-hainsacker.de\/wp-content\/uploads\/2019\/03\/michi_jupfis_portrait.png 500w\" sizes=\"auto, (max-width: 300px) 100vw, 300px\" \/><\/a><\/td>\n<td style=\"text-align: center;\"><a href=\"http:\/\/pfadfinder-hainsacker.de\/wp-content\/uploads\/2019\/03\/marie_jupfis_portrait.png\"><img loading=\"lazy\" decoding=\"async\" class=\"alignnone wp-image-3147 size-medium\" src=\"http:\/\/pfadfinder-hainsacker.de\/wp-content\/uploads\/2019\/03\/marie_jupfis_portrait-300x300.png\" alt=\"\" width=\"300\" height=\"300\" srcset=\"http:\/\/pfadfinder-hainsacker.de\/wp-content\/uploads\/2019\/03\/marie_jupfis_portrait-300x300.png 300w, http:\/\/pfadfinder-hainsacker.de\/wp-content\/uploads\/2019\/03\/marie_jupfis_portrait-150x150.png 150w, http:\/\/pfadfinder-hainsacker.de\/wp-content\/uploads\/2019\/03\/marie_jupfis_portrait-270x270.png 270w, http:\/\/pfadfinder-hainsacker.de\/wp-content\/uploads\/2019\/03\/marie_jupfis_portrait-230x230.png 230w, http:\/\/pfadfinder-hainsacker.de\/wp-content\/uploads\/2019\/03\/marie_jupfis_portrait.png 500w\" sizes=\"auto, (max-width: 300px) 100vw, 300px\" \/><\/a><\/td>\n<td style=\"text-align: center;\"><a href=\"http:\/\/pfadfinder-hainsacker.de\/wp-content\/uploads\/2019\/03\/philipp_jupfis_portrait.png\"><img loading=\"lazy\" decoding=\"async\" class=\"alignnone wp-image-3151 size-medium\" src=\"http:\/\/pfadfinder-hainsacker.de\/wp-content\/uploads\/2019\/03\/philipp_jupfis_portrait-300x300.png\" alt=\"\" width=\"300\" height=\"300\" srcset=\"http:\/\/pfadfinder-hainsacker.de\/wp-content\/uploads\/2019\/03\/philipp_jupfis_portrait-300x300.png 300w, http:\/\/pfadfinder-hainsacker.de\/wp-content\/uploads\/2019\/03\/philipp_jupfis_portrait-150x150.png 150w, http:\/\/pfadfinder-hainsacker.de\/wp-content\/uploads\/2019\/03\/philipp_jupfis_portrait-270x270.png 270w, http:\/\/pfadfinder-hainsacker.de\/wp-content\/uploads\/2019\/03\/philipp_jupfis_portrait-230x230.png 230w, http:\/\/pfadfinder-hainsacker.de\/wp-content\/uploads\/2019\/03\/philipp_jupfis_portrait.png 500w\" sizes=\"auto, (max-width: 300px) 100vw, 300px\" \/><\/a><\/td>\n<\/tr>\n<tr>\n<td style=\"text-align: center;\">Michael<\/td>\n<td style=\"text-align: center;\">Marie<\/td>\n<td style=\"text-align: center;\">Philipp<\/td>\n<\/tr>\n<\/tbody>\n<\/table>\n<hr \/>\n<h4>\u00a0Kontakt<\/h4>\n<p><a href=\"mailto:jupfis@pfadfinder-hainsacker.de\">jupfis@pfadfinder-hainsacker.de<\/a><\/p>\n<hr \/>\n<h4>Weitere Infos<\/h4>\n<p>findet ihr auf der Seite der DPSG <a href=\"https:\/\/dpsg.de\/de\/stufen\/jungpfadfinderstufe.html\">&gt;&gt;hier&lt;&lt;<\/a><\/p>\n<hr \/>","protected":false},"excerpt":{"rendered":"<p>Wer wir sind: Ab der f\u00fcnften Klasse kann man Jungpfadfinder und Jungpfadfinderin werden. Wir sind neugierig auf das Unm\u00f6gliche und mutig genug, es auszuprobieren. Wir stecken uns gegenseitig mit unserer Begeisterung an und wachsen \u00fcber uns hinaus. Wir staunen dar\u00fcber, was wir alles machen k\u00f6nnen, und sind stolz auf darauf, was wir selbstst\u00e4ndig erreicht haben. [&hellip;]<\/p>\n","protected":false},"author":1,"featured_media":0,"parent":123,"menu_order":0,"comment_status":"closed","ping_status":"open","template":"page-templates\/contact.php","meta":{"footnotes":""},"class_list":["post-127","page","type-page","status-publish","hentry"],"_links":{"self":[{"href":"http:\/\/pfadfinder-hainsacker.de\/index.php\/wp-json\/wp\/v2\/pages\/127","targetHints":{"allow":["GET"]}}],"collection":[{"href":"http:\/\/pfadfinder-hainsacker.de\/index.php\/wp-json\/wp\/v2\/pages"}],"about":[{"href":"http:\/\/pfadfinder-hainsacker.de\/index.php\/wp-json\/wp\/v2\/types\/page"}],"author":[{"embeddable":true,"href":"http:\/\/pfadfinder-hainsacker.de\/index.php\/wp-json\/wp\/v2\/users\/1"}],"replies":[{"embeddable":true,"href":"http:\/\/pfadfinder-hainsacker.de\/index.php\/wp-json\/wp\/v2\/comments?post=127"}],"version-history":[{"count":18,"href":"http:\/\/pfadfinder-hainsacker.de\/index.php\/wp-json\/wp\/v2\/pages\/127\/revisions"}],"predecessor-version":[{"id":4373,"href":"http:\/\/pfadfinder-hainsacker.de\/index.php\/wp-json\/wp\/v2\/pages\/127\/revisions\/4373"}],"up":[{"embeddable":true,"href":"http:\/\/pfadfinder-hainsacker.de\/index.php\/wp-json\/wp\/v2\/pages\/123"}],"wp:attachment":[{"href":"http:\/\/pfadfinder-hainsacker.de\/index.php\/wp-json\/wp\/v2\/media?parent=127"}],"curies":[{"name":"wp","href":"https:\/\/api.w.org\/{rel}","templated":true}]}}