{"id":129,"date":"2015-03-18T09:34:13","date_gmt":"2015-03-18T07:34:13","guid":{"rendered":"http:\/\/pfadfinder-hainsacker.de\/?page_id=129"},"modified":"2020-10-03T14:19:11","modified_gmt":"2020-10-03T12:19:11","slug":"pfadis","status":"publish","type":"page","link":"http:\/\/pfadfinder-hainsacker.de\/index.php\/gruppen\/pfadis\/","title":{"rendered":"Pfadis"},"content":{"rendered":"\r\n<h4 class=\"wp-block-heading\">Wer wir sind:<\/h4>\r\n\r\n\r\n\r\n<p>Ab der achten Klasse k\u00f6nnen M\u00e4dchen und Jungen Mitglied der Pfadis werden.<\/p>\r\n\r\n\r\n\r\n<p>Die Pfadfinderstufe macht mit ihrer Orientierung \u201awagt es\u2019 Mut, das eigene Leben selbst in die Hand zu nehmen. Pfadfinderinnen und Pfadfinder machen sich gemeinsam auf den Weg, um sich pers\u00f6nlich weiterzuentwickeln. Diese Entwicklungen sind aber nicht vom Geschehen in der Welt losgel\u00f6st. Du bist aufgefordert, deine Zeit in der Pfadfinderstufe und dein Leben f\u00fcr dich zu nutzen und \u201edie Welt ein bisschen besser zu verlassen, als du sie vorgefunden hast\u201c.<\/p>\r\n\r\n\r\n<hr class=\"wp-block-separator\" \/>\r\n\r\n\r\n<h4 class=\"wp-block-heading\">Wann &amp; Wo:<\/h4>\r\n\r\n\r\n\r\n<h5 class=\"wp-block-heading\">Dienstags, 19:00 &#8211; 20:30 Uhr<\/h5>\r\n\r\n\r\n\r\n<p>Lagerbautenplatz \/ Pfarrheim Hainsacker<\/p>\r\n\r\n\r\n<hr class=\"wp-block-separator\" \/>\r\n\r\n\r\n<h4 class=\"wp-block-heading\">Unsere Leiter:<\/h4>\r\n\r\n<table style=\"height: 242px;\" width=\"577\">\r\n<tbody>\r\n<tr>\r\n<td style=\"text-align: center;\"><a href=\"http:\/\/pfadfinder-hainsacker.de\/wp-content\/uploads\/2019\/03\/pfadis_basti_portrait.png\"><img loading=\"lazy\" decoding=\"async\" class=\"alignnone wp-image-3149 size-medium\" src=\"http:\/\/pfadfinder-hainsacker.de\/wp-content\/uploads\/2019\/03\/pfadis_basti_portrait-300x300.png\" alt=\"\" width=\"300\" height=\"300\" srcset=\"http:\/\/pfadfinder-hainsacker.de\/wp-content\/uploads\/2019\/03\/pfadis_basti_portrait-300x300.png 300w, http:\/\/pfadfinder-hainsacker.de\/wp-content\/uploads\/2019\/03\/pfadis_basti_portrait-150x150.png 150w, http:\/\/pfadfinder-hainsacker.de\/wp-content\/uploads\/2019\/03\/pfadis_basti_portrait-270x270.png 270w, http:\/\/pfadfinder-hainsacker.de\/wp-content\/uploads\/2019\/03\/pfadis_basti_portrait-230x230.png 230w, http:\/\/pfadfinder-hainsacker.de\/wp-content\/uploads\/2019\/03\/pfadis_basti_portrait.png 500w\" sizes=\"auto, (max-width: 300px) 100vw, 300px\" \/><\/a><\/td>\r\n<td style=\"text-align: center;\"><a href=\"http:\/\/pfadfinder-hainsacker.de\/wp-content\/uploads\/2019\/03\/pfadis_sebi_portrait.png\"><img loading=\"lazy\" decoding=\"async\" class=\"alignnone wp-image-3150 size-medium\" src=\"http:\/\/pfadfinder-hainsacker.de\/wp-content\/uploads\/2019\/03\/pfadis_sebi_portrait-300x300.png\" alt=\"\" width=\"300\" height=\"300\" srcset=\"http:\/\/pfadfinder-hainsacker.de\/wp-content\/uploads\/2019\/03\/pfadis_sebi_portrait-300x300.png 300w, http:\/\/pfadfinder-hainsacker.de\/wp-content\/uploads\/2019\/03\/pfadis_sebi_portrait-150x150.png 150w, http:\/\/pfadfinder-hainsacker.de\/wp-content\/uploads\/2019\/03\/pfadis_sebi_portrait-270x270.png 270w, http:\/\/pfadfinder-hainsacker.de\/wp-content\/uploads\/2019\/03\/pfadis_sebi_portrait-230x230.png 230w, http:\/\/pfadfinder-hainsacker.de\/wp-content\/uploads\/2019\/03\/pfadis_sebi_portrait.png 500w\" sizes=\"auto, (max-width: 300px) 100vw, 300px\" \/><\/a><\/td>\r\n<td><\/td>\r\n<\/tr>\r\n<tr>\r\n<td style=\"text-align: center;\">Basti<\/td>\r\n<td style=\"text-align: center;\">Basti<\/td>\r\n<td style=\"text-align: center;\">Kilian<\/td>\r\n<\/tr>\r\n<\/tbody>\r\n<\/table>\r\n<hr class=\"wp-block-separator\" \/>\r\n<h4>\u00a0Kontakt<\/h4>\r\n<p><a href=\"mailto:pfadis@pfadfinder-hainsacker.de\">pfadis@pfadfinder-hainsacker.de<\/a><\/p>\r\n\r\n\r\n<hr class=\"wp-block-separator\" \/>\r\n<p>[embedyt] http:\/\/www.youtube.com\/watch?v=iFp0LGfmh9Y[\/embedyt]<\/p>\r\n<hr \/>\r\n<h4>Weitere Infos<\/h4>\r\n<p>findet ihr auf der Seite der DPSG <a href=\"https:\/\/dpsg.de\/de\/stufen\/pfadfinderstufe.html\">&gt;&gt;hier&lt;&lt;<\/a><\/p>","protected":false},"excerpt":{"rendered":"<p>Wer wir sind: Ab der achten Klasse k\u00f6nnen M\u00e4dchen und Jungen Mitglied der Pfadis werden. Die Pfadfinderstufe macht mit ihrer Orientierung \u201awagt es\u2019 Mut, das eigene Leben selbst in die Hand zu nehmen. Pfadfinderinnen und Pfadfinder machen sich gemeinsam auf den Weg, um sich pers\u00f6nlich weiterzuentwickeln. Diese Entwicklungen sind aber nicht vom Geschehen in der [&hellip;]<\/p>\n","protected":false},"author":1,"featured_media":0,"parent":123,"menu_order":0,"comment_status":"closed","ping_status":"open","template":"page-templates\/contact.php","meta":{"footnotes":""},"class_list":["post-129","page","type-page","status-publish","hentry"],"_links":{"self":[{"href":"http:\/\/pfadfinder-hainsacker.de\/index.php\/wp-json\/wp\/v2\/pages\/129","targetHints":{"allow":["GET"]}}],"collection":[{"href":"http:\/\/pfadfinder-hainsacker.de\/index.php\/wp-json\/wp\/v2\/pages"}],"about":[{"href":"http:\/\/pfadfinder-hainsacker.de\/index.php\/wp-json\/wp\/v2\/types\/page"}],"author":[{"embeddable":true,"href":"http:\/\/pfadfinder-hainsacker.de\/index.php\/wp-json\/wp\/v2\/users\/1"}],"replies":[{"embeddable":true,"href":"http:\/\/pfadfinder-hainsacker.de\/index.php\/wp-json\/wp\/v2\/comments?post=129"}],"version-history":[{"count":34,"href":"http:\/\/pfadfinder-hainsacker.de\/index.php\/wp-json\/wp\/v2\/pages\/129\/revisions"}],"predecessor-version":[{"id":3403,"href":"http:\/\/pfadfinder-hainsacker.de\/index.php\/wp-json\/wp\/v2\/pages\/129\/revisions\/3403"}],"up":[{"embeddable":true,"href":"http:\/\/pfadfinder-hainsacker.de\/index.php\/wp-json\/wp\/v2\/pages\/123"}],"wp:attachment":[{"href":"http:\/\/pfadfinder-hainsacker.de\/index.php\/wp-json\/wp\/v2\/media?parent=129"}],"curies":[{"name":"wp","href":"https:\/\/api.w.org\/{rel}","templated":true}]}}